{"id":12,"date":"2024-04-05T02:52:21","date_gmt":"2024-04-05T02:52:21","guid":{"rendered":"https:\/\/julianamoon.art\/?page_id=12"},"modified":"2025-11-24T19:13:59","modified_gmt":"2025-11-24T19:13:59","slug":"sobre","status":"publish","type":"page","link":"https:\/\/julianamoon.art\/en\/sobre\/","title":{"rendered":"About"},"content":{"rendered":"\t\t<div data-elementor-type=\"wp-page\" data-elementor-id=\"12\" class=\"elementor elementor-12\" data-elementor-post-type=\"page\">\n\t\t\t\t<div class=\"elementor-element elementor-element-fa362b9 e-grid e-con-boxed e-con e-parent\" data-id=\"fa362b9\" data-element_type=\"container\" data-e-type=\"container\">\n\t\t\t\t\t<div class=\"e-con-inner\">\n\t\t\t\t<div class=\"elementor-element elementor-element-7302b00 elementor-widget__width-inherit elementor-widget elementor-widget-image\" data-id=\"7302b00\" data-element_type=\"widget\" data-e-type=\"widget\" data-widget_type=\"image.default\">\n\t\t\t\t<div class=\"elementor-widget-container\">\n\t\t\t\t\t\t\t\t\t\t\t\t\t\t\t<img fetchpriority=\"high\" decoding=\"async\" width=\"416\" height=\"721\" src=\"https:\/\/julianamoon.art\/wp-content\/uploads\/2024\/04\/Mask-group.png\" class=\"attachment-full size-full wp-image-105\" alt=\"Juliana working at her office. There is a computer, a tv, keyboard and mouse. Her dog is sleeping underneath the desk and various objects surround them: prints on the wall, books, pencil and pens.\" srcset=\"https:\/\/julianamoon.art\/wp-content\/uploads\/2024\/04\/Mask-group.png 416w, https:\/\/julianamoon.art\/wp-content\/uploads\/2024\/04\/Mask-group-173x300.png 173w\" sizes=\"(max-width: 416px) 100vw, 416px\" \/>\t\t\t\t\t\t\t\t\t\t\t\t\t\t\t<\/div>\n\t\t\t\t<\/div>\n\t\t\t\t<div class=\"elementor-element elementor-element-3807ed8 elementor-widget elementor-widget-text-editor\" data-id=\"3807ed8\" data-element_type=\"widget\" data-e-type=\"widget\" data-widget_type=\"text-editor.default\">\n\t\t\t\t<div class=\"elementor-widget-container\">\n\t\t\t\t\t\t\t\t\t<div>\n<h2>Oie!<\/h2>\n<p>Juliana Moon \u00e9 uma artista digital do Rio de Janeiro, Brasil. Formada em Publicidade e Propaganda pela Universidade Veiga de Almeida, ela tamb\u00e9m atuou como designer e desenvolvedora web, para al\u00e9m de ilustradora e quadrinista. Fascinada por tecnologia, criou seu primeiro webcomic em 2018, com o nome de O Plano de Gabe. Pouco tempo depois recebeu o convite para ilustrar as graphic novels Oh My Gods! 1 e 2, para o mercado externo, e Sangue Quente, para o mercado nacional. Al\u00e9m dos quadrinhos, tamb\u00e9m fez bal\u00f5es para Webtoon e Funktoon. Seus projetos mais recentes envolvem Ubuntu, Bruxinha Juju e outros t\u00edtulos ainda n\u00e3o revelados. Atualmente est\u00e1 trilhando um retorno aos webcomics e roteiros autorais.<\/p>\n<p>Sua arte envolve corpos diversos, cotidiano m\u00e1gico e animais fofinhos. Desenha majoritariamente na sua mesa digital (one by wacom) e vive com Bruce Moon no colo e por isso pode ser que digite errado uma palavra ou outra.<\/p>\n<\/div>\n<div>\n<h5>Indica\u00e7\u00f5es<\/h5>\n<ul>\n<li>2022 Great Lakes Great Books Award (\u201cOh My Gods!\u201d)<\/li>\n<li>2022 CCXP Awards (Arte Finalista em \u201cSangue Quente\u201d)<\/li>\n<li>2022 HQMix (Arte Finalista Nacional em \u201cSangue Quente\u201d)<\/li>\n<\/ul>\n<\/div>\t\t\t\t\t\t\t\t<\/div>\n\t\t\t\t<\/div>\n\t\t\t\t\t<\/div>\n\t\t\t\t<\/div>\n\t\t<div class=\"elementor-element elementor-element-32c9a18 e-flex e-con-boxed e-con e-parent\" data-id=\"32c9a18\" data-element_type=\"container\" data-e-type=\"container\">\n\t\t\t\t\t<div class=\"e-con-inner\">\n\t\t\t\t<div class=\"elementor-element elementor-element-06a8014 elementor-widget elementor-widget-heading\" data-id=\"06a8014\" data-element_type=\"widget\" data-e-type=\"widget\" data-widget_type=\"heading.default\">\n\t\t\t\t<div class=\"elementor-widget-container\">\n\t\t\t\t\t<h2 class=\"elementor-heading-title elementor-size-default\">Clientes<\/h2>\t\t\t\t<\/div>\n\t\t\t\t<\/div>\n\t\t\t\t<div class=\"elementor-element elementor-element-71caffd elementor-arrows-position-outside elementor-widget elementor-widget-image-carousel\" data-id=\"71caffd\" data-element_type=\"widget\" data-e-type=\"widget\" data-settings=\"{&quot;slides_to_show&quot;:&quot;4&quot;,&quot;navigation&quot;:&quot;arrows&quot;,&quot;image_spacing_custom&quot;:{&quot;unit&quot;:&quot;px&quot;,&quot;size&quot;:24,&quot;sizes&quot;:[]},&quot;autoplay&quot;:&quot;yes&quot;,&quot;pause_on_hover&quot;:&quot;yes&quot;,&quot;pause_on_interaction&quot;:&quot;yes&quot;,&quot;autoplay_speed&quot;:5000,&quot;infinite&quot;:&quot;yes&quot;,&quot;speed&quot;:500,&quot;image_spacing_custom_tablet&quot;:{&quot;unit&quot;:&quot;px&quot;,&quot;size&quot;:&quot;&quot;,&quot;sizes&quot;:[]},&quot;image_spacing_custom_mobile&quot;:{&quot;unit&quot;:&quot;px&quot;,&quot;size&quot;:&quot;&quot;,&quot;sizes&quot;:[]}}\" data-widget_type=\"image-carousel.default\">\n\t\t\t\t<div class=\"elementor-widget-container\">\n\t\t\t\t\t\t\t<div class=\"elementor-image-carousel-wrapper swiper\" role=\"region\" aria-roledescription=\"carousel\" aria-label=\"Carrossel de imagens\" dir=\"ltr\">\n\t\t\t<div class=\"elementor-image-carousel swiper-wrapper\" aria-live=\"off\">\n\t\t\t\t\t\t\t\t<div class=\"swiper-slide\" role=\"group\" aria-roledescription=\"slide\" aria-label=\"1 of 4\"><figure class=\"swiper-slide-inner\"><img decoding=\"async\" class=\"swiper-slide-image\" src=\"https:\/\/julianamoon.art\/wp-content\/uploads\/2024\/06\/Webtoon-Emblem-edited.png\" alt=\"Webtoon-Emblem\" \/><\/figure><\/div><div class=\"swiper-slide\" role=\"group\" aria-roledescription=\"slide\" aria-label=\"2 of 4\"><figure class=\"swiper-slide-inner\"><img decoding=\"async\" class=\"swiper-slide-image\" src=\"https:\/\/julianamoon.art\/wp-content\/uploads\/2024\/06\/Houghton-Mifflin-Harcourt-Logo.png\" alt=\"Houghton-Mifflin-Harcourt-Logo\" \/><\/figure><\/div><div class=\"swiper-slide\" role=\"group\" aria-roledescription=\"slide\" aria-label=\"3 of 4\"><figure class=\"swiper-slide-inner\"><img decoding=\"async\" class=\"swiper-slide-image\" src=\"https:\/\/julianamoon.art\/wp-content\/uploads\/2024\/06\/logo.png\" alt=\"logo\" \/><\/figure><\/div><div class=\"swiper-slide\" role=\"group\" aria-roledescription=\"slide\" aria-label=\"4 of 4\"><figure class=\"swiper-slide-inner\"><img decoding=\"async\" class=\"swiper-slide-image\" src=\"https:\/\/julianamoon.art\/wp-content\/uploads\/2024\/06\/guaracapa.png\" alt=\"guaracapa\" \/><\/figure><\/div>\t\t\t<\/div>\n\t\t\t\t\t\t\t\t\t\t\t\t<div class=\"elementor-swiper-button elementor-swiper-button-prev\" role=\"button\" tabindex=\"0\">\n\t\t\t\t\t\t<svg aria-hidden=\"true\" class=\"e-font-icon-svg e-eicon-chevron-left\" viewBox=\"0 0 1000 1000\" xmlns=\"http:\/\/www.w3.org\/2000\/svg\"><path d=\"M646 125C629 125 613 133 604 142L308 442C296 454 292 471 292 487 292 504 296 521 308 533L604 854C617 867 629 875 646 875 663 875 679 871 692 858 704 846 713 829 713 812 713 796 708 779 692 767L438 487 692 225C700 217 708 204 708 187 708 171 704 154 692 142 675 129 663 125 646 125Z\"><\/path><\/svg>\t\t\t\t\t<\/div>\n\t\t\t\t\t<div class=\"elementor-swiper-button elementor-swiper-button-next\" role=\"button\" tabindex=\"0\">\n\t\t\t\t\t\t<svg aria-hidden=\"true\" class=\"e-font-icon-svg e-eicon-chevron-right\" viewBox=\"0 0 1000 1000\" xmlns=\"http:\/\/www.w3.org\/2000\/svg\"><path d=\"M696 533C708 521 713 504 713 487 713 471 708 454 696 446L400 146C388 133 375 125 354 125 338 125 325 129 313 142 300 154 292 171 292 187 292 204 296 221 308 233L563 492 304 771C292 783 288 800 288 817 288 833 296 850 308 863 321 871 338 875 354 875 371 875 388 867 400 854L696 533Z\"><\/path><\/svg>\t\t\t\t\t<\/div>\n\t\t\t\t\n\t\t\t\t\t\t\t\t\t<\/div>\n\t\t\t\t\t\t<\/div>\n\t\t\t\t<\/div>\n\t\t\t\t\t<\/div>\n\t\t\t\t<\/div>\n\t\t<div class=\"elementor-element elementor-element-a319037 e-flex e-con-boxed e-con e-parent\" data-id=\"a319037\" data-element_type=\"container\" data-e-type=\"container\">\n\t\t\t\t\t<div class=\"e-con-inner\">\n\t\t\t\t<div class=\"elementor-element elementor-element-1871ef6 elementor-widget elementor-widget-heading\" data-id=\"1871ef6\" data-element_type=\"widget\" data-e-type=\"widget\" data-widget_type=\"heading.default\">\n\t\t\t\t<div class=\"elementor-widget-container\">\n\t\t\t\t\t<h2 class=\"elementor-heading-title elementor-size-default\">Conversas<\/h2>\t\t\t\t<\/div>\n\t\t\t\t<\/div>\n\t\t<div class=\"elementor-element elementor-element-b9316cf e-grid e-con-full e-con e-child\" data-id=\"b9316cf\" data-element_type=\"container\" data-e-type=\"container\">\n\t\t\t\t<div class=\"elementor-element elementor-element-4f8ef9f elementor-widget elementor-widget-video\" data-id=\"4f8ef9f\" data-element_type=\"widget\" data-e-type=\"widget\" data-settings=\"{&quot;youtube_url&quot;:&quot;https:\\\/\\\/www.youtube.com\\\/watch?v=JojeyjftFvk&quot;,&quot;video_type&quot;:&quot;youtube&quot;,&quot;controls&quot;:&quot;yes&quot;}\" data-widget_type=\"video.default\">\n\t\t\t\t<div class=\"elementor-widget-container\">\n\t\t\t\t\t\t\t<div class=\"elementor-wrapper elementor-open-inline\">\n\t\t\t<div class=\"elementor-video\"><\/div>\t\t<\/div>\n\t\t\t\t\t\t<\/div>\n\t\t\t\t<\/div>\n\t\t\t\t<div class=\"elementor-element elementor-element-6af9f97 elementor-widget elementor-widget-video\" data-id=\"6af9f97\" data-element_type=\"widget\" data-e-type=\"widget\" data-settings=\"{&quot;youtube_url&quot;:&quot;https:\\\/\\\/www.youtube.com\\\/watch?v=W5TbHAvIdpI&quot;,&quot;video_type&quot;:&quot;youtube&quot;,&quot;controls&quot;:&quot;yes&quot;}\" data-widget_type=\"video.default\">\n\t\t\t\t<div class=\"elementor-widget-container\">\n\t\t\t\t\t\t\t<div class=\"elementor-wrapper elementor-open-inline\">\n\t\t\t<div class=\"elementor-video\"><\/div>\t\t<\/div>\n\t\t\t\t\t\t<\/div>\n\t\t\t\t<\/div>\n\t\t\t\t<div class=\"elementor-element elementor-element-9c9200c elementor-widget elementor-widget-video\" data-id=\"9c9200c\" data-element_type=\"widget\" data-e-type=\"widget\" data-settings=\"{&quot;youtube_url&quot;:&quot;https:\\\/\\\/www.youtube.com\\\/watch?v=kgU1EQDjCKg&amp;t=8s&quot;,&quot;video_type&quot;:&quot;youtube&quot;,&quot;controls&quot;:&quot;yes&quot;}\" data-widget_type=\"video.default\">\n\t\t\t\t<div class=\"elementor-widget-container\">\n\t\t\t\t\t\t\t<div class=\"elementor-wrapper elementor-open-inline\">\n\t\t\t<div class=\"elementor-video\"><\/div>\t\t<\/div>\n\t\t\t\t\t\t<\/div>\n\t\t\t\t<\/div>\n\t\t\t\t<\/div>\n\t\t\t\t\t<\/div>\n\t\t\t\t<\/div>\n\t\t<div class=\"elementor-element elementor-element-2cab9a0 e-flex e-con-boxed e-con e-parent\" data-id=\"2cab9a0\" data-element_type=\"container\" data-e-type=\"container\">\n\t\t\t\t\t<div class=\"e-con-inner\">\n\t\t<div class=\"elementor-element elementor-element-b0309a9 e-con-full e-flex e-con e-child\" data-id=\"b0309a9\" data-element_type=\"container\" data-e-type=\"container\" data-settings=\"{&quot;background_background&quot;:&quot;classic&quot;}\">\n\t\t\t\t<div class=\"elementor-element elementor-element-ffd7b6c elementor-widget elementor-widget-heading\" data-id=\"ffd7b6c\" data-element_type=\"widget\" data-e-type=\"widget\" data-widget_type=\"heading.default\">\n\t\t\t\t<div class=\"elementor-widget-container\">\n\t\t\t\t\t<h2 class=\"elementor-heading-title elementor-size-default\">Contato<\/h2>\t\t\t\t<\/div>\n\t\t\t\t<\/div>\n\t\t\t\t<div class=\"elementor-element elementor-element-105696b elementor-widget elementor-widget-text-editor\" data-id=\"105696b\" data-element_type=\"widget\" data-e-type=\"widget\" data-widget_type=\"text-editor.default\">\n\t\t\t\t<div class=\"elementor-widget-container\">\n\t\t\t\t\t\t\t\t\t<p>Feel free to contact me in english ou portugu\u00eas! \u2733\u00a0<a href=\"mailto:oie@julianamoon.art\">oie@julianamoon.art<\/a>\u00a0\u2197<\/p>\t\t\t\t\t\t\t\t<\/div>\n\t\t\t\t<\/div>\n\t\t\t\t<div class=\"elementor-element elementor-element-112f419 elementor-button-align-center elementor-widget__width-inherit elementor-widget elementor-widget-form\" data-id=\"112f419\" data-element_type=\"widget\" data-e-type=\"widget\" data-settings=\"{&quot;step_next_label&quot;:&quot;Next&quot;,&quot;step_previous_label&quot;:&quot;Previous&quot;,&quot;button_width&quot;:&quot;100&quot;,&quot;step_type&quot;:&quot;number_text&quot;,&quot;step_icon_shape&quot;:&quot;circle&quot;}\" data-widget_type=\"form.default\">\n\t\t\t\t<div class=\"elementor-widget-container\">\n\t\t\t\t\t\t\t<form class=\"elementor-form\" method=\"post\" name=\"New Form\" aria-label=\"New Form\">\n\t\t\t<input type=\"hidden\" name=\"post_id\" value=\"12\"\/>\n\t\t\t<input type=\"hidden\" name=\"form_id\" value=\"112f419\"\/>\n\t\t\t<input type=\"hidden\" name=\"referer_title\" value=\"\" \/>\n\n\t\t\t\n\t\t\t<div class=\"elementor-form-fields-wrapper elementor-labels-above\">\n\t\t\t\t\t\t\t\t<div class=\"elementor-field-type-text elementor-field-group elementor-column elementor-field-group-name elementor-col-100 elementor-field-required elementor-mark-required\">\n\t\t\t\t\t\t\t\t\t\t\t\t<label for=\"form-field-name\" class=\"elementor-field-label\">\n\t\t\t\t\t\t\t\tName\t\t\t\t\t\t\t<\/label>\n\t\t\t\t\t\t\t\t\t\t\t\t\t\t<input size=\"1\" type=\"text\" name=\"form_fields[name]\" id=\"form-field-name\" class=\"elementor-field elementor-size-sm  elementor-field-textual\" required=\"required\">\n\t\t\t\t\t\t\t\t\t\t\t<\/div>\n\t\t\t\t\t\t\t\t<div class=\"elementor-field-type-email elementor-field-group elementor-column elementor-field-group-email elementor-col-100 elementor-field-required elementor-mark-required\">\n\t\t\t\t\t\t\t\t\t\t\t\t<label for=\"form-field-email\" class=\"elementor-field-label\">\n\t\t\t\t\t\t\t\tEmail\t\t\t\t\t\t\t<\/label>\n\t\t\t\t\t\t\t\t\t\t\t\t\t\t<input size=\"1\" type=\"email\" name=\"form_fields[email]\" id=\"form-field-email\" class=\"elementor-field elementor-size-sm  elementor-field-textual\" required=\"required\">\n\t\t\t\t\t\t\t\t\t\t\t<\/div>\n\t\t\t\t\t\t\t\t<div class=\"elementor-field-type-textarea elementor-field-group elementor-column elementor-field-group-message elementor-col-100 elementor-field-required elementor-mark-required\">\n\t\t\t\t\t\t\t\t\t\t\t\t<label for=\"form-field-message\" class=\"elementor-field-label\">\n\t\t\t\t\t\t\t\tMessage\t\t\t\t\t\t\t<\/label>\n\t\t\t\t\t\t<textarea class=\"elementor-field-textual elementor-field  elementor-size-sm\" name=\"form_fields[message]\" id=\"form-field-message\" rows=\"4\" required=\"required\"><\/textarea>\t\t\t\t<\/div>\n\t\t\t\t\t\t\t\t<div class=\"elementor-field-group elementor-column elementor-field-type-submit elementor-col-100 e-form__buttons\">\n\t\t\t\t\t<button class=\"elementor-button elementor-size-sm\" type=\"submit\">\n\t\t\t\t\t\t<span class=\"elementor-button-content-wrapper\">\n\t\t\t\t\t\t\t\t\t\t\t\t\t\t\t\t\t\t\t\t\t\t<span class=\"elementor-button-text\">Send<\/span>\n\t\t\t\t\t\t\t\t\t\t\t\t\t<\/span>\n\t\t\t\t\t<\/button>\n\t\t\t\t<\/div>\n\t\t\t<\/div>\n\t\t<\/form>\n\t\t\t\t\t\t<\/div>\n\t\t\t\t<\/div>\n\t\t\t\t<\/div>\n\t\t\t\t\t<\/div>\n\t\t\t\t<\/div>\n\t\t\t\t<\/div>\n\t\t","protected":false},"excerpt":{"rendered":"<p>Oie! Juliana Moon \u00e9 uma artista digital do Rio de Janeiro, Brasil. Formada em Publicidade e Propaganda pela Universidade Veiga de Almeida, ela tamb\u00e9m atuou como designer e desenvolvedora web, para al\u00e9m de ilustradora e quadrinista. Fascinada por tecnologia, criou seu primeiro webcomic em 2018, com o nome de O Plano de Gabe. Pouco tempo [&hellip;]<\/p>\n","protected":false},"author":1,"featured_media":0,"parent":0,"menu_order":0,"comment_status":"closed","ping_status":"closed","template":"","meta":{"_acf_changed":false,"footnotes":""},"class_list":["post-12","page","type-page","status-publish","hentry"],"acf":[],"_links":{"self":[{"href":"https:\/\/julianamoon.art\/en\/wp-json\/wp\/v2\/pages\/12","targetHints":{"allow":["GET"]}}],"collection":[{"href":"https:\/\/julianamoon.art\/en\/wp-json\/wp\/v2\/pages"}],"about":[{"href":"https:\/\/julianamoon.art\/en\/wp-json\/wp\/v2\/types\/page"}],"author":[{"embeddable":true,"href":"https:\/\/julianamoon.art\/en\/wp-json\/wp\/v2\/users\/1"}],"replies":[{"embeddable":true,"href":"https:\/\/julianamoon.art\/en\/wp-json\/wp\/v2\/comments?post=12"}],"version-history":[{"count":5,"href":"https:\/\/julianamoon.art\/en\/wp-json\/wp\/v2\/pages\/12\/revisions"}],"predecessor-version":[{"id":1769,"href":"https:\/\/julianamoon.art\/en\/wp-json\/wp\/v2\/pages\/12\/revisions\/1769"}],"wp:attachment":[{"href":"https:\/\/julianamoon.art\/en\/wp-json\/wp\/v2\/media?parent=12"}],"curies":[{"name":"wp","href":"https:\/\/api.w.org\/{rel}","templated":true}]}}