{"id":10,"date":"2024-04-05T02:52:10","date_gmt":"2024-04-05T02:52:10","guid":{"rendered":"https:\/\/julianamoon.art\/?page_id=10"},"modified":"2024-10-02T21:14:03","modified_gmt":"2024-10-02T21:14:03","slug":"home","status":"publish","type":"page","link":"https:\/\/julianamoon.art\/en\/","title":{"rendered":"Home"},"content":{"rendered":"<div class=\"wp-block-group has-white-background-color has-background is-layout-flow wp-container-core-group-is-layout-feb24848 wp-block-group-is-layout-flow\" style=\"border-radius:0px\">\n<figure class=\"wp-block-image alignwide size-full has-custom-border\"><img fetchpriority=\"high\" decoding=\"async\" width=\"3336\" height=\"1251\" src=\"https:\/\/julianamoon.art\/wp-content\/uploads\/2024\/04\/juju-redraw-white-e1712358885274.png\" alt=\"\" class=\"wp-image-33\" style=\"border-radius:12px\" srcset=\"https:\/\/julianamoon.art\/wp-content\/uploads\/2024\/04\/juju-redraw-white-e1712358885274.png 3336w, https:\/\/julianamoon.art\/wp-content\/uploads\/2024\/04\/juju-redraw-white-e1712358885274-300x113.png 300w, https:\/\/julianamoon.art\/wp-content\/uploads\/2024\/04\/juju-redraw-white-e1712358885274-1024x384.png 1024w, https:\/\/julianamoon.art\/wp-content\/uploads\/2024\/04\/juju-redraw-white-e1712358885274-768x288.png 768w, https:\/\/julianamoon.art\/wp-content\/uploads\/2024\/04\/juju-redraw-white-e1712358885274-1536x576.png 1536w, https:\/\/julianamoon.art\/wp-content\/uploads\/2024\/04\/juju-redraw-white-e1712358885274-2048x768.png 2048w\" sizes=\"(max-width: 3336px) 100vw, 3336px\" \/><\/figure>\n\n\n\n<div class=\"wp-block-group is-layout-constrained wp-container-core-group-is-layout-7f02783b wp-block-group-is-layout-constrained\" style=\"padding-top:0;padding-right:var(--wp--preset--spacing--40);padding-bottom:0;padding-left:var(--wp--preset--spacing--40)\">\n<h2 class=\"wp-block-heading has-text-align-center has-medium-font-size\"><strong>Posts<\/strong><\/h2>\n\n\n\n<div class=\"wp-block-group is-vertical is-content-justification-right is-layout-flex wp-container-core-group-is-layout-6bf49419 wp-block-group-is-layout-flex\">\n<div class=\"wp-block-query is-layout-flow wp-block-query-is-layout-flow\"><ul class=\"wp-block-post-template is-layout-flow wp-container-core-post-template-is-layout-1c2a0ac1 wp-block-post-template-is-layout-flow\"><li class=\"wp-block-post post-1192 post type-post status-publish format-standard has-post-thumbnail hentry category-etc\">\n\n<article class=\"wp-block-group blogpostmobile is-layout-grid wp-container-core-group-is-layout-c4f3e778 wp-block-group-is-layout-grid\">\n<div class=\"wp-block-group wp-container-content-4c4b6c15 is-vertical is-content-justification-left is-layout-flex wp-container-core-group-is-layout-eb56db0f wp-block-group-is-layout-flex\" style=\"margin-top:0;margin-bottom:0;padding-top:0;padding-right:0;padding-bottom:0;padding-left:0\"><h3 style=\"font-size:18px;font-style:normal;font-weight:700; padding-top:0;padding-bottom:0;padding-left:0;padding-right:0;margin-top:0;margin-bottom:0;margin-left:0;margin-right:0;\" class=\"has-text-align-left has-link-color wp-elements-d1b7734a91171f9a96c4cfdad0dfd78f wp-block-post-title\"><a href=\"https:\/\/julianamoon.art\/en\/etc\/de-mudanca\/\" target=\"_self\" >De Mudan\u00e7a<\/a><\/h3>\n\n<div class=\"has-link-color wp-elements-b32ce33385064736ec1a7a88dc69a23a wp-block-post-excerpt has-small-font-size\"><p class=\"wp-block-post-excerpt__excerpt\">Eu j\u00e1 tinha feito muitos planos para coisas que seriam diferente em 2025, meio que desistindo de qualquer coisa nova a partir de Dezembro de 2024, mas obviamente coisas aconteceram: me mudei para Niteroi! O planejamento inicial era eu ir meses depois, mais estabilizada (mental e financeiramente), mas uma sucess\u00e3o de eventos inesperados me levou&hellip; <a class=\"wp-block-post-excerpt__more-link\" href=\"https:\/\/julianamoon.art\/en\/etc\/de-mudanca\/\">+<\/a><\/p><\/div><\/div>\n\n\n<figure style=\"aspect-ratio:4\/3;\" class=\"aligncenter wp-block-post-featured-image\"><a href=\"https:\/\/julianamoon.art\/en\/etc\/de-mudanca\/\" target=\"_self\"  ><img decoding=\"async\" width=\"1280\" height=\"961\" src=\"https:\/\/julianamoon.art\/wp-content\/uploads\/2025\/01\/06post-1.png\" class=\"attachment-post-thumbnail size-post-thumbnail wp-post-image\" alt=\"De Mudan\u00e7a\" style=\"border-radius:12px;width:100%;height:100%;object-fit:cover;\" srcset=\"https:\/\/julianamoon.art\/wp-content\/uploads\/2025\/01\/06post-1.png 1280w, https:\/\/julianamoon.art\/wp-content\/uploads\/2025\/01\/06post-1-300x225.png 300w, https:\/\/julianamoon.art\/wp-content\/uploads\/2025\/01\/06post-1-1024x769.png 1024w, https:\/\/julianamoon.art\/wp-content\/uploads\/2025\/01\/06post-1-768x577.png 768w, https:\/\/julianamoon.art\/wp-content\/uploads\/2025\/01\/06post-1-16x12.png 16w\" sizes=\"(max-width: 1280px) 100vw, 1280px\" \/><\/a><\/figure><\/article>\n\n<\/li><li class=\"wp-block-post post-1155 post type-post status-publish format-standard has-post-thumbnail hentry category-etc tag-facebook tag-fanart tag-ilustracao tag-instagram tag-league-of-legends tag-redes-sociais tag-twitch\">\n\n<article class=\"wp-block-group blogpostmobile is-layout-grid wp-container-core-group-is-layout-c4f3e778 wp-block-group-is-layout-grid\">\n<div class=\"wp-block-group wp-container-content-4c4b6c15 is-vertical is-content-justification-left is-layout-flex wp-container-core-group-is-layout-eb56db0f wp-block-group-is-layout-flex\" style=\"margin-top:0;margin-bottom:0;padding-top:0;padding-right:0;padding-bottom:0;padding-left:0\"><h3 style=\"font-size:18px;font-style:normal;font-weight:700; padding-top:0;padding-bottom:0;padding-left:0;padding-right:0;margin-top:0;margin-bottom:0;margin-left:0;margin-right:0;\" class=\"has-text-align-left has-link-color wp-elements-d1b7734a91171f9a96c4cfdad0dfd78f wp-block-post-title\"><a href=\"https:\/\/julianamoon.art\/en\/etc\/artistas-redes-sociais\/\" target=\"_self\" >Artistas &amp; Redes Sociais<\/a><\/h3>\n\n<div class=\"has-link-color wp-elements-b32ce33385064736ec1a7a88dc69a23a wp-block-post-excerpt has-small-font-size\"><p class=\"wp-block-post-excerpt__excerpt\">O ano era 2013, e eu tinha um grupo de amigos na escola que era muito unido. A gente sentava perto no col\u00e9gio e quando chegava em casa, entrava no skype e jogava League of Legends. O jogo tinha criado um server brasileiro fazia pouco tempo, eles estavam fazendo sucesso e todo mundo queria jogar&hellip; <a class=\"wp-block-post-excerpt__more-link\" href=\"https:\/\/julianamoon.art\/en\/etc\/artistas-redes-sociais\/\">+<\/a><\/p><\/div><\/div>\n\n\n<figure style=\"aspect-ratio:4\/3;\" class=\"aligncenter wp-block-post-featured-image\"><a href=\"https:\/\/julianamoon.art\/en\/etc\/artistas-redes-sociais\/\" target=\"_self\"  ><img decoding=\"async\" width=\"1280\" height=\"961\" src=\"https:\/\/julianamoon.art\/wp-content\/uploads\/2024\/11\/05post.png\" class=\"attachment-post-thumbnail size-post-thumbnail wp-post-image\" alt=\"Artistas &amp; Redes Sociais\" style=\"border-radius:12px;width:100%;height:100%;object-fit:cover;\" srcset=\"https:\/\/julianamoon.art\/wp-content\/uploads\/2024\/11\/05post.png 1280w, https:\/\/julianamoon.art\/wp-content\/uploads\/2024\/11\/05post-300x225.png 300w, https:\/\/julianamoon.art\/wp-content\/uploads\/2024\/11\/05post-1024x769.png 1024w, https:\/\/julianamoon.art\/wp-content\/uploads\/2024\/11\/05post-768x577.png 768w, https:\/\/julianamoon.art\/wp-content\/uploads\/2024\/11\/05post-16x12.png 16w\" sizes=\"(max-width: 1280px) 100vw, 1280px\" \/><\/a><\/figure><\/article>\n\n<\/li><li class=\"wp-block-post post-950 post type-post status-publish format-standard has-post-thumbnail hentry category-recomendacao tag-adobe tag-affinity tag-affinity-design tag-affinity-publisher tag-creative-suite tag-indesign tag-photoshop\">\n\n<article class=\"wp-block-group blogpostmobile is-layout-grid wp-container-core-group-is-layout-c4f3e778 wp-block-group-is-layout-grid\">\n<div class=\"wp-block-group wp-container-content-4c4b6c15 is-vertical is-content-justification-left is-layout-flex wp-container-core-group-is-layout-eb56db0f wp-block-group-is-layout-flex\" style=\"margin-top:0;margin-bottom:0;padding-top:0;padding-right:0;padding-bottom:0;padding-left:0\"><h3 style=\"font-size:18px;font-style:normal;font-weight:700; padding-top:0;padding-bottom:0;padding-left:0;padding-right:0;margin-top:0;margin-bottom:0;margin-left:0;margin-right:0;\" class=\"has-text-align-left has-link-color wp-elements-d1b7734a91171f9a96c4cfdad0dfd78f wp-block-post-title\"><a href=\"https:\/\/julianamoon.art\/en\/recomendacao\/que-tal-trocar-seu-adobe-creative-suite-por\/\" target=\"_self\" >Que tal trocar seu Adobe Creative Suite por\u2026<\/a><\/h3>\n\n<div class=\"has-link-color wp-elements-b32ce33385064736ec1a7a88dc69a23a wp-block-post-excerpt has-small-font-size\"><p class=\"wp-block-post-excerpt__excerpt\">Oie! Esse ano aconteceram muitas coisas que deixaram a comunidade art\u00edstica desgostosa com a Adobe. De enaltecer suas ferramentas com AI, problemas com termos e condi\u00e7\u00f5es, problemas com cancelamentos de assinaturas, marcar ilustra\u00e7\u00f5es no Instagram como feitas por AI e tentar monop\u00f3lio no mercado. Essa s\u00e9rie de a\u00e7\u00f5es (que n\u00e3o est\u00e3o em ordem de acontecimento,&hellip; <a class=\"wp-block-post-excerpt__more-link\" href=\"https:\/\/julianamoon.art\/en\/recomendacao\/que-tal-trocar-seu-adobe-creative-suite-por\/\">+<\/a><\/p><\/div><\/div>\n\n\n<figure style=\"aspect-ratio:4\/3;\" class=\"aligncenter wp-block-post-featured-image\"><a href=\"https:\/\/julianamoon.art\/en\/recomendacao\/que-tal-trocar-seu-adobe-creative-suite-por\/\" target=\"_self\"  ><img loading=\"lazy\" decoding=\"async\" width=\"1280\" height=\"961\" src=\"https:\/\/julianamoon.art\/wp-content\/uploads\/2024\/09\/04post.png\" class=\"attachment-post-thumbnail size-post-thumbnail wp-post-image\" alt=\"Que tal trocar seu Adobe Creative Suite por\u2026\" style=\"border-radius:12px;width:100%;height:100%;object-fit:cover;\" srcset=\"https:\/\/julianamoon.art\/wp-content\/uploads\/2024\/09\/04post.png 1280w, https:\/\/julianamoon.art\/wp-content\/uploads\/2024\/09\/04post-300x225.png 300w, https:\/\/julianamoon.art\/wp-content\/uploads\/2024\/09\/04post-1024x769.png 1024w, https:\/\/julianamoon.art\/wp-content\/uploads\/2024\/09\/04post-768x577.png 768w\" sizes=\"(max-width: 1280px) 100vw, 1280px\" \/><\/a><\/figure><\/article>\n\n<\/li><\/ul><\/div>\n\n\n\n<p class=\"has-text-align-right has-jm-purple-color has-text-color has-link-color wp-elements-a32e1c602c5e6310d8ed5a86f683bf71\"><a href=\"https:\/\/julianamoon.art\/en\/blog\/\" data-type=\"page\" data-id=\"16\">Read Blog \u2192<\/a><\/p>\n<\/div>\n\n\n\n<h2 class=\"wp-block-heading has-text-align-center has-medium-font-size\" style=\"margin-top:0;padding-top:var(--wp--preset--spacing--30)\"><strong>Comic Strips<\/strong><\/h2>\n\n\n\n<div class=\"wp-block-group is-vertical is-content-justification-right is-layout-flex wp-container-core-group-is-layout-6bf49419 wp-block-group-is-layout-flex\">\n<div class=\"wp-block-query is-layout-flow wp-block-query-is-layout-flow\"><ul class=\"columns-3 wp-block-post-template is-layout-grid wp-container-core-post-template-is-layout-6d3fbd8f wp-block-post-template-is-layout-grid\"><li class=\"wp-block-post post-898 tirinha type-tirinha status-publish has-post-thumbnail hentry\">\n<figure style=\"aspect-ratio:1;\" class=\"wp-block-post-featured-image\"><a href=\"https:\/\/julianamoon.art\/en\/tirinha\/estranho-na-internet\/\" target=\"_self\"  ><img loading=\"lazy\" decoding=\"async\" width=\"3000\" height=\"3000\" src=\"https:\/\/julianamoon.art\/wp-content\/uploads\/2024\/06\/05-estranho.png\" class=\"attachment-post-thumbnail size-post-thumbnail wp-post-image\" alt=\"Estranho na Internet\" style=\"width:100%;height:100%;object-fit:cover;\" srcset=\"https:\/\/julianamoon.art\/wp-content\/uploads\/2024\/06\/05-estranho.png 3000w, https:\/\/julianamoon.art\/wp-content\/uploads\/2024\/06\/05-estranho-300x300.png 300w, https:\/\/julianamoon.art\/wp-content\/uploads\/2024\/06\/05-estranho-1024x1024.png 1024w, https:\/\/julianamoon.art\/wp-content\/uploads\/2024\/06\/05-estranho-150x150.png 150w, https:\/\/julianamoon.art\/wp-content\/uploads\/2024\/06\/05-estranho-768x768.png 768w, https:\/\/julianamoon.art\/wp-content\/uploads\/2024\/06\/05-estranho-1536x1536.png 1536w, https:\/\/julianamoon.art\/wp-content\/uploads\/2024\/06\/05-estranho-2048x2048.png 2048w\" sizes=\"(max-width: 3000px) 100vw, 3000px\" \/><\/a><\/figure>\n<\/li><li class=\"wp-block-post post-341 tirinha type-tirinha status-publish has-post-thumbnail hentry\">\n<figure style=\"aspect-ratio:1;\" class=\"wp-block-post-featured-image\"><a href=\"https:\/\/julianamoon.art\/en\/tirinha\/encoste-na-grama\/\" target=\"_self\"  ><img loading=\"lazy\" decoding=\"async\" width=\"3000\" height=\"3000\" src=\"https:\/\/julianamoon.art\/wp-content\/uploads\/2024\/06\/stardewvalley.png\" class=\"attachment-post-thumbnail size-post-thumbnail wp-post-image\" alt=\"Encoste na Grama!\" style=\"width:100%;height:100%;object-fit:cover;\" srcset=\"https:\/\/julianamoon.art\/wp-content\/uploads\/2024\/06\/stardewvalley.png 3000w, https:\/\/julianamoon.art\/wp-content\/uploads\/2024\/06\/stardewvalley-300x300.png 300w, https:\/\/julianamoon.art\/wp-content\/uploads\/2024\/06\/stardewvalley-1024x1024.png 1024w, https:\/\/julianamoon.art\/wp-content\/uploads\/2024\/06\/stardewvalley-150x150.png 150w, https:\/\/julianamoon.art\/wp-content\/uploads\/2024\/06\/stardewvalley-768x768.png 768w, https:\/\/julianamoon.art\/wp-content\/uploads\/2024\/06\/stardewvalley-1536x1536.png 1536w, https:\/\/julianamoon.art\/wp-content\/uploads\/2024\/06\/stardewvalley-2048x2048.png 2048w\" sizes=\"(max-width: 3000px) 100vw, 3000px\" \/><\/a><\/figure>\n<\/li><li class=\"wp-block-post post-339 tirinha type-tirinha status-publish has-post-thumbnail hentry\">\n<figure style=\"aspect-ratio:1;\" class=\"wp-block-post-featured-image\"><a href=\"https:\/\/julianamoon.art\/en\/tirinha\/fusca-azul\/\" target=\"_self\"  ><img loading=\"lazy\" decoding=\"async\" width=\"3000\" height=\"3000\" src=\"https:\/\/julianamoon.art\/wp-content\/uploads\/2024\/06\/fusca-azul.png\" class=\"attachment-post-thumbnail size-post-thumbnail wp-post-image\" alt=\"Fusca Azul\" style=\"width:100%;height:100%;object-fit:cover;\" srcset=\"https:\/\/julianamoon.art\/wp-content\/uploads\/2024\/06\/fusca-azul.png 3000w, https:\/\/julianamoon.art\/wp-content\/uploads\/2024\/06\/fusca-azul-300x300.png 300w, https:\/\/julianamoon.art\/wp-content\/uploads\/2024\/06\/fusca-azul-1024x1024.png 1024w, https:\/\/julianamoon.art\/wp-content\/uploads\/2024\/06\/fusca-azul-150x150.png 150w, https:\/\/julianamoon.art\/wp-content\/uploads\/2024\/06\/fusca-azul-768x768.png 768w, https:\/\/julianamoon.art\/wp-content\/uploads\/2024\/06\/fusca-azul-1536x1536.png 1536w, https:\/\/julianamoon.art\/wp-content\/uploads\/2024\/06\/fusca-azul-2048x2048.png 2048w\" sizes=\"(max-width: 3000px) 100vw, 3000px\" \/><\/a><\/figure>\n<\/li><\/ul><\/div>\n\n\n\n<p class=\"has-text-align-right has-jm-purple-color has-text-color has-link-color wp-elements-031581317215beeb2c006bd70c6acd95\"><a href=\"https:\/\/julianamoon.art\/en\/tirinha\/\" data-type=\"page\" data-id=\"354\">More Comic Strips \u2192<\/a><\/p>\n<\/div>\n<\/div>\n\n\n\n<div class=\"wp-block-group has-primary-background-color has-background is-layout-constrained wp-container-core-group-is-layout-a4fc39a8 wp-block-group-is-layout-constrained\" style=\"border-radius:12px;padding-top:var(--wp--preset--spacing--50);padding-right:var(--wp--preset--spacing--30);padding-bottom:var(--wp--preset--spacing--40);padding-left:var(--wp--preset--spacing--30)\">\n<h2 class=\"wp-block-heading has-text-align-center has-medium-font-size\"><strong>Newsletter<\/strong><\/h2>\n\n\n\n<p class=\"has-text-align-center\">Sign up to get emails about new posts and projects first hand! \u2733<\/p>\n\n\n\n<div class=\"wp-block-group is-layout-constrained wp-container-core-group-is-layout-48dbd97c wp-block-group-is-layout-constrained\" style=\"padding-right:0px;padding-left:0px\"><\/div>\n<\/div>\n<\/div>","protected":false},"excerpt":{"rendered":"<p>Publica\u00e7\u00f5es Ver Blog \u2192 Tirinhas Ver Tirinhas \u2192 Newsletter Receba e-mails sobre novidades de posts e projetos em primeira m\u00e3o! \u2733<\/p>","protected":false},"author":1,"featured_media":0,"parent":0,"menu_order":0,"comment_status":"closed","ping_status":"closed","template":"","meta":{"_acf_changed":false,"footnotes":""},"class_list":["post-10","page","type-page","status-publish","hentry"],"acf":[],"_links":{"self":[{"href":"https:\/\/julianamoon.art\/en\/wp-json\/wp\/v2\/pages\/10","targetHints":{"allow":["GET"]}}],"collection":[{"href":"https:\/\/julianamoon.art\/en\/wp-json\/wp\/v2\/pages"}],"about":[{"href":"https:\/\/julianamoon.art\/en\/wp-json\/wp\/v2\/types\/page"}],"author":[{"embeddable":true,"href":"https:\/\/julianamoon.art\/en\/wp-json\/wp\/v2\/users\/1"}],"replies":[{"embeddable":true,"href":"https:\/\/julianamoon.art\/en\/wp-json\/wp\/v2\/comments?post=10"}],"version-history":[{"count":5,"href":"https:\/\/julianamoon.art\/en\/wp-json\/wp\/v2\/pages\/10\/revisions"}],"predecessor-version":[{"id":1044,"href":"https:\/\/julianamoon.art\/en\/wp-json\/wp\/v2\/pages\/10\/revisions\/1044"}],"wp:attachment":[{"href":"https:\/\/julianamoon.art\/en\/wp-json\/wp\/v2\/media?parent=10"}],"curies":[{"name":"wp","href":"https:\/\/api.w.org\/{rel}","templated":true}]}}